{"id":226348,"date":"2024-01-10T13:29:15","date_gmt":"2024-01-10T19:29:15","guid":{"rendered":"https:\/\/canopymgmt.ca\/entretien-de-la-maison\/services\/installation\/"},"modified":"2024-04-24T20:26:17","modified_gmt":"2024-04-25T01:26:17","slug":"installation","status":"publish","type":"page","link":"https:\/\/canopymgmt.ca\/fr\/entretien-de-la-maison\/services\/installation\/","title":{"rendered":"Installation"},"content":{"rendered":"<p>[et_pb_section fb_built=\u00a0\u00bb1&Prime; module_class=\u00a0\u00bbdh-valign-center-section\u00a0\u00bb _builder_version=\u00a0\u00bb4.23.4&Prime; _module_preset=\u00a0\u00bbdefault\u00a0\u00bb use_background_color_gradient=\u00a0\u00bbon\u00a0\u00bb background_color_gradient_stops=\u00a0\u00bbrgba(0,0,0,0.65) 0%|rgba(0,0,0,0.3) 100%\u00a0\u00bb background_color_gradient_overlays_image=\u00a0\u00bbon\u00a0\u00bb background_image=\u00a0\u00bbhttps:\/\/canopymgmt.ca\/wp-content\/uploads\/2023\/05\/HomeMaintenance-ServiceInquiry-TopImage-scaled.jpg\u00a0\u00bb custom_padding=\u00a0\u00bb250px||100px||false|false\u00a0\u00bb locked=\u00a0\u00bboff\u00a0\u00bb global_colors_info=\u00a0\u00bb{}\u00a0\u00bb][et_pb_row _builder_version=\u00a0\u00bb4.21.0&Prime; _module_preset=\u00a0\u00bbdefault\u00a0\u00bb global_colors_info=\u00a0\u00bb{}\u00a0\u00bb][et_pb_column type=\u00a0\u00bb4_4&Prime; _builder_version=\u00a0\u00bb4.20.2&Prime; _module_preset=\u00a0\u00bbdefault\u00a0\u00bb global_colors_info=\u00a0\u00bb{}\u00a0\u00bb][et_pb_text _builder_version=\u00a0\u00bb4.23.4&Prime; _module_preset=\u00a0\u00bbdefault\u00a0\u00bb header_font_size=\u00a0\u00bb50px\u00a0\u00bb background_layout=\u00a0\u00bbdark\u00a0\u00bb width=\u00a0\u00bb100%\u00a0\u00bb max_width=\u00a0\u00bb835px\u00a0\u00bb module_alignment=\u00a0\u00bbleft\u00a0\u00bb global_colors_info=\u00a0\u00bb{}\u00a0\u00bb]<\/p>\n<p class=\"subheader\">Entretien \u2013 Canopy mgmt<\/p>\n<h1 style=\"margin-bottom: 20px;\"><span style=\"color: #b08552;\">Services<\/span> d&rsquo;installation<\/h1>\n<p><span style=\"color: #b08552;\"><\/span>Il est difficile de trouver des services sp\u00e9cialis\u00e9s dans la r\u00e9paration et l&rsquo;entretien des biens immobiliers. Toutefois, \u00e0 Winnipeg, nous nous occupons de tous vos besoins en mati\u00e8re de r\u00e9paration et d&rsquo;entretien.<\/p>\n<p>[\/et_pb_text][\/et_pb_column][\/et_pb_row][\/et_pb_section][et_pb_section fb_built=\u00a0\u00bb1&Prime; _builder_version=\u00a0\u00bb4.23.4&Prime; _module_preset=\u00a0\u00bbdefault\u00a0\u00bb background_image=\u00a0\u00bbhttps:\/\/canopymgmt.ca\/wp-content\/uploads\/2023\/04\/Canopymgmt_PaperTexture_Cream.png\u00a0\u00bb custom_padding=\u00a0\u00bb0px||0px||true|false\u00a0\u00bb global_colors_info=\u00a0\u00bb{}\u00a0\u00bb][et_pb_row _builder_version=\u00a0\u00bb4.23.4&Prime; _module_preset=\u00a0\u00bbdefault\u00a0\u00bb global_colors_info=\u00a0\u00bb{}\u00a0\u00bb][et_pb_column type=\u00a0\u00bb4_4&Prime; _builder_version=\u00a0\u00bb4.23.4&Prime; _module_preset=\u00a0\u00bbdefault\u00a0\u00bb custom_padding=\u00a0\u00bb||||false|false\u00a0\u00bb global_colors_info=\u00a0\u00bb{}\u00a0\u00bb][et_pb_code _builder_version=\u00a0\u00bb4.23.4&Prime; _module_preset=\u00a0\u00bbdefault\u00a0\u00bb global_colors_info=\u00a0\u00bb{}\u00a0\u00bb]<nav aria-label=\"breadcrumbs\" class=\"rank-math-breadcrumb\"><p><span class=\"last\">Home<\/span><\/p><\/nav>[\/et_pb_code][\/et_pb_column][\/et_pb_row][\/et_pb_section][et_pb_section fb_built=\u00a0\u00bb1&Prime; _builder_version=\u00a0\u00bb4.23.4&Prime; _module_preset=\u00a0\u00bbdefault\u00a0\u00bb background_image=\u00a0\u00bbhttps:\/\/canopymgmt.ca\/wp-content\/uploads\/2023\/04\/Canopymgmt_PaperTexture_Cream.png\u00a0\u00bb custom_padding=\u00a0\u00bb0px||0px||true|false\u00a0\u00bb global_colors_info=\u00a0\u00bb{}\u00a0\u00bb][et_pb_row _builder_version=\u00a0\u00bb4.23.4&Prime; _module_preset=\u00a0\u00bbdefault\u00a0\u00bb global_colors_info=\u00a0\u00bb{}\u00a0\u00bb][et_pb_column type=\u00a0\u00bb4_4&Prime; _builder_version=\u00a0\u00bb4.23.4&Prime; _module_preset=\u00a0\u00bbdefault\u00a0\u00bb global_colors_info=\u00a0\u00bb{}\u00a0\u00bb][et_pb_text _builder_version=\u00a0\u00bb4.23.4&Prime; _module_preset=\u00a0\u00bbdefault\u00a0\u00bb text_font=\u00a0\u00bb|||on|||||\u00a0\u00bb text_text_color=\u00a0\u00bb#B08552&Prime; text_letter_spacing=\u00a0\u00bb2px\u00a0\u00bb header_font_size=\u00a0\u00bb50px\u00a0\u00bb header_3_font=\u00a0\u00bb|800|||||||\u00a0\u00bb header_3_text_color=\u00a0\u00bb#000000&Prime; header_3_font_size=\u00a0\u00bb40px\u00a0\u00bb module_alignment=\u00a0\u00bbleft\u00a0\u00bb custom_margin=\u00a0\u00bb||0px||false|false\u00a0\u00bb global_colors_info=\u00a0\u00bb{}\u00a0\u00bb]<\/p>\n<p>Notre service comprend<\/p>\n<p>[\/et_pb_text][\/et_pb_column][\/et_pb_row][et_pb_row column_structure=\u00a0\u00bb1_3,1_3,1_3&Prime; _builder_version=\u00a0\u00bb4.24.0&Prime; _module_preset=\u00a0\u00bbdefault\u00a0\u00bb global_colors_info=\u00a0\u00bb{}\u00a0\u00bb][et_pb_column type=\u00a0\u00bb1_3&Prime; _builder_version=\u00a0\u00bb4.23.4&Prime; _module_preset=\u00a0\u00bbdefault\u00a0\u00bb global_colors_info=\u00a0\u00bb{}\u00a0\u00bb][dipl_interactive_image_card title=\u00a0\u00bbAssemblage du mobilier\u00a0\u00bb image=\u00a0\u00bbhttps:\/\/canopymgmt.ca\/wp-content\/uploads\/2024\/01\/furnitureassemble.jpg\u00a0\u00bb image_opacity=\u00a0\u00bb1&Prime; overlay_color=\u00a0\u00bbrgba(0,0,0,0.4)\u00a0\u00bb _builder_version=\u00a0\u00bb4.24.0&Prime; _dynamic_attributes=\u00a0\u00bblink_option_url\u00a0\u00bb _module_preset=\u00a0\u00bbdefault\u00a0\u00bb title_font=\u00a0\u00bb|700|||||||\u00a0\u00bb title_text_color=\u00a0\u00bb#FFFFFF\u00a0\u00bb content_font=\u00a0\u00bb|300|||||||\u00a0\u00bb content_text_color=\u00a0\u00bb#FFFFFF\u00a0\u00bb content_font_size=\u00a0\u00bb13px\u00a0\u00bb link_option_url=\u00a0\u00bb@ET-DC@eyJkeW5hbWljIjp0cnVlLCJjb250ZW50IjoicG9zdF9saW5rX3VybF9wYWdlIiwic2V0dGluZ3MiOnsicG9zdF9pZCI6IjIyNjAzMiJ9fQ==@\u00a0\u00bb border_radii=\u00a0\u00bbon|5px|5px|5px|5px\u00a0\u00bb box_shadow_style=\u00a0\u00bbpreset3&Prime; global_colors_info=\u00a0\u00bb{}\u00a0\u00bb image_opacity__hover_enabled=\u00a0\u00bboff|desktop\u00a0\u00bb image_opacity__hover=\u00a0\u00bb0.5&Prime; background__hover_enabled=\u00a0\u00bboff|desktop\u00a0\u00bb]<\/p>\n<p><span>Notre \u00e9quipe qualifi\u00e9e est l\u00e0 pour vous faciliter la vie. De l&rsquo;assemblage d&rsquo;un cadre de lit \u00e0 celui d&rsquo;une biblioth\u00e8que, nous avons tout ce qu&rsquo;il vous faut. <\/span><\/p>\n<p>[\/dipl_interactive_image_card][\/et_pb_column][et_pb_column type=\u00a0\u00bb1_3&Prime; _builder_version=\u00a0\u00bb4.23.4&Prime; _module_preset=\u00a0\u00bbdefault\u00a0\u00bb global_colors_info=\u00a0\u00bb{}\u00a0\u00bb][dipl_interactive_image_card title=\u00a0\u00bbRideaux et persiennes\u00a0\u00bb image=\u00a0\u00bbhttps:\/\/canopymgmt.ca\/wp-content\/uploads\/2024\/01\/curtains-blinds.jpg\u00a0\u00bb image_opacity=\u00a0\u00bb1&Prime; overlay_color=\u00a0\u00bbrgba(0,0,0,0.4)\u00a0\u00bb _builder_version=\u00a0\u00bb4.24.2&Prime; _module_preset=\u00a0\u00bbdefault\u00a0\u00bb title_font=\u00a0\u00bb|700|||||||\u00a0\u00bb title_text_color=\u00a0\u00bb#FFFFFF\u00a0\u00bb content_font=\u00a0\u00bb|300|||||||\u00a0\u00bb content_text_color=\u00a0\u00bb#FFFFFF\u00a0\u00bb content_font_size=\u00a0\u00bb13px\u00a0\u00bb link_option_url=\u00a0\u00bbhttps:\/\/canopymgmt.ca\/home-maintenance\/services\/installs\/blinds-installation\/\u00a0\u00bb hover_enabled=\u00a0\u00bb0&Prime; border_radii=\u00a0\u00bbon|5px|5px|5px|5px\u00a0\u00bb box_shadow_style=\u00a0\u00bbpreset3&Prime; global_colors_info=\u00a0\u00bb{}\u00a0\u00bb image_opacity__hover_enabled=\u00a0\u00bboff|desktop\u00a0\u00bb image_opacity__hover=\u00a0\u00bb0.5&Prime; sticky_enabled=\u00a0\u00bb0&Prime;]<\/p>\n<p><span>Des rideaux \u00e9l\u00e9gants aux stores \u00e9l\u00e9gants, nous pouvons embellir chaque coin de votre maison. Rehaussez votre maison gr\u00e2ce \u00e0 notre installation de rideaux et de stores !<\/span><\/p>\n<p>[\/dipl_interactive_image_card][\/et_pb_column][et_pb_column type=\u00a0\u00bb1_3&Prime; _builder_version=\u00a0\u00bb4.23.4&Prime; _module_preset=\u00a0\u00bbdefault\u00a0\u00bb global_colors_info=\u00a0\u00bb{}\u00a0\u00bb][dipl_interactive_image_card title=\u00a0\u00bbT\u00e9l\u00e9vision et cin\u00e9ma \u00e0 domicile\u00a0\u00bb image=\u00a0\u00bbhttps:\/\/canopymgmt.ca\/wp-content\/uploads\/2024\/01\/tv.jpg\u00a0\u00bb image_opacity=\u00a0\u00bb1&Prime; overlay_color=\u00a0\u00bbrgba(0,0,0,0.4)\u00a0\u00bb _builder_version=\u00a0\u00bb4.23.4&Prime; _dynamic_attributes=\u00a0\u00bblink_option_url\u00a0\u00bb _module_preset=\u00a0\u00bbdefault\u00a0\u00bb title_font=\u00a0\u00bb|700|||||||\u00a0\u00bb title_text_color=\u00a0\u00bb#FFFFFF\u00a0\u00bb content_font=\u00a0\u00bb|300|||||||\u00a0\u00bb content_text_color=\u00a0\u00bb#FFFFFF\u00a0\u00bb content_font_size=\u00a0\u00bb13px\u00a0\u00bb link_option_url=\u00a0\u00bb@ET-DC@eyJkeW5hbWljIjp0cnVlLCJjb250ZW50IjoicG9zdF9saW5rX3VybF9wYWdlIiwic2V0dGluZ3MiOnsicG9zdF9pZCI6IjIyNjAzMyJ9fQ==@\u00a0\u00bb border_radii=\u00a0\u00bbon|5px|5px|5px|5px\u00a0\u00bb box_shadow_style=\u00a0\u00bbpreset3&Prime; global_colors_info=\u00a0\u00bb{}\u00a0\u00bb image_opacity__hover_enabled=\u00a0\u00bboff|desktop\u00a0\u00bb image_opacity__hover=\u00a0\u00bb0.5&Prime;]<\/p>\n<p><span>Faites confiance \u00e0 notre \u00e9quipe d&rsquo;experts pour installer parfaitement la t\u00e9l\u00e9vision de vos r\u00eaves et plongez-vous dans un bonheur audiovisuel sans pareil.<\/span><\/p>\n<p>[\/dipl_interactive_image_card][\/et_pb_column][\/et_pb_row][et_pb_row column_structure=\u00a0\u00bb1_3,1_3,1_3&Prime; _builder_version=\u00a0\u00bb4.23.4&Prime; _module_preset=\u00a0\u00bbdefault\u00a0\u00bb global_colors_info=\u00a0\u00bb{}\u00a0\u00bb][et_pb_column type=\u00a0\u00bb1_3&Prime; _builder_version=\u00a0\u00bb4.23.4&Prime; _module_preset=\u00a0\u00bbdefault\u00a0\u00bb global_colors_info=\u00a0\u00bb{}\u00a0\u00bb][dipl_interactive_image_card title=\u00a0\u00bbMoustiquaires de fen\u00eatre\u00a0\u00bb image=\u00a0\u00bbhttps:\/\/canopymgmt.ca\/wp-content\/uploads\/2024\/01\/window-screen.jpg\u00a0\u00bb image_opacity=\u00a0\u00bb1&Prime; overlay_color=\u00a0\u00bbrgba(0,0,0,0.4)\u00a0\u00bb _builder_version=\u00a0\u00bb4.24.0&Prime; _dynamic_attributes=\u00a0\u00bblink_option_url\u00a0\u00bb _module_preset=\u00a0\u00bbdefault\u00a0\u00bb title_font=\u00a0\u00bb|700|||||||\u00a0\u00bb title_text_color=\u00a0\u00bb#FFFFFF\u00a0\u00bb content_font=\u00a0\u00bb|300|||||||\u00a0\u00bb content_text_color=\u00a0\u00bb#FFFFFF\u00a0\u00bb content_font_size=\u00a0\u00bb13px\u00a0\u00bb link_option_url=\u00a0\u00bb@ET-DC@eyJkeW5hbWljIjp0cnVlLCJjb250ZW50IjoicG9zdF9saW5rX3VybF9wYWdlIiwic2V0dGluZ3MiOnsicG9zdF9pZCI6IjIyNjAzNCJ9fQ==@\u00a0\u00bb border_radii=\u00a0\u00bbon|5px|5px|5px|5px\u00a0\u00bb box_shadow_style=\u00a0\u00bbpreset3&Prime; global_colors_info=\u00a0\u00bb{}\u00a0\u00bb image_opacity__hover_enabled=\u00a0\u00bboff|desktop\u00a0\u00bb image_opacity__hover=\u00a0\u00bb0.5&Prime;]<\/p>\n<p><span>Qu&rsquo;il s&rsquo;agisse d&#8217;emp\u00eacher les insectes nuisibles d&rsquo;entrer, d&rsquo;am\u00e9liorer la ventilation ou d&rsquo;ajouter une couche suppl\u00e9mentaire de s\u00e9curit\u00e9, notre \u00e9quipe d&rsquo;experts vous garantit une installation sans faille.<\/span><\/p>\n<p>[\/dipl_interactive_image_card][\/et_pb_column][et_pb_column type=\u00a0\u00bb1_3&Prime; _builder_version=\u00a0\u00bb4.23.4&Prime; _module_preset=\u00a0\u00bbdefault\u00a0\u00bb global_colors_info=\u00a0\u00bb{}\u00a0\u00bb][dipl_interactive_image_card title=\u00a0\u00bbLuminaires et ventilateurs de plafond\u00a0\u00bb image=\u00a0\u00bbhttps:\/\/canopymgmt.ca\/wp-content\/uploads\/2024\/01\/light.jpg\u00a0\u00bb image_opacity=\u00a0\u00bb1&Prime; overlay_color=\u00a0\u00bbrgba(0,0,0,0.4)\u00a0\u00bb _builder_version=\u00a0\u00bb4.24.0&Prime; _dynamic_attributes=\u00a0\u00bblink_option_url\u00a0\u00bb _module_preset=\u00a0\u00bbdefault\u00a0\u00bb title_font=\u00a0\u00bb|700|||||||\u00a0\u00bb title_text_color=\u00a0\u00bb#FFFFFF\u00a0\u00bb content_font=\u00a0\u00bb|300|||||||\u00a0\u00bb content_text_color=\u00a0\u00bb#FFFFFF\u00a0\u00bb content_font_size=\u00a0\u00bb13px\u00a0\u00bb link_option_url=\u00a0\u00bb@ET-DC@eyJkeW5hbWljIjp0cnVlLCJjb250ZW50IjoicG9zdF9saW5rX3VybF9wYWdlIiwic2V0dGluZ3MiOnsicG9zdF9pZCI6IjIyNjAzNSJ9fQ==@\u00a0\u00bb border_radii=\u00a0\u00bbon|5px|5px|5px|5px\u00a0\u00bb box_shadow_style=\u00a0\u00bbpreset3&Prime; global_colors_info=\u00a0\u00bb{}\u00a0\u00bb image_opacity__hover_enabled=\u00a0\u00bboff|desktop\u00a0\u00bb image_opacity__hover=\u00a0\u00bb0.5&Prime;]<\/p>\n<p><span>Egayer votre espace et am\u00e9liorer le confort. Transformez votre maison avec des luminaires et des ventilateurs de plafond install\u00e9s par des experts.<\/span><\/p>\n<p>[\/dipl_interactive_image_card][\/et_pb_column][et_pb_column type=\u00a0\u00bb1_3&Prime; _builder_version=\u00a0\u00bb4.23.4&Prime; _module_preset=\u00a0\u00bbdefault\u00a0\u00bb global_colors_info=\u00a0\u00bb{}\u00a0\u00bb][dipl_interactive_image_card title=\u00a0\u00bbSolutions de stockage\u00a0\u00bb image=\u00a0\u00bbhttps:\/\/canopymgmt.ca\/wp-content\/uploads\/2024\/01\/shelves.jpg\u00a0\u00bb image_opacity=\u00a0\u00bb1&Prime; overlay_color=\u00a0\u00bbrgba(0,0,0,0.4)\u00a0\u00bb _builder_version=\u00a0\u00bb4.23.4&Prime; _dynamic_attributes=\u00a0\u00bblink_option_url\u00a0\u00bb _module_preset=\u00a0\u00bbdefault\u00a0\u00bb title_font=\u00a0\u00bb|700|||||||\u00a0\u00bb title_text_color=\u00a0\u00bb#FFFFFF\u00a0\u00bb content_font=\u00a0\u00bb|300|||||||\u00a0\u00bb content_text_color=\u00a0\u00bb#FFFFFF\u00a0\u00bb content_font_size=\u00a0\u00bb13px\u00a0\u00bb link_option_url=\u00a0\u00bb@ET-DC@eyJkeW5hbWljIjp0cnVlLCJjb250ZW50IjoicG9zdF9saW5rX3VybF9wYWdlIiwic2V0dGluZ3MiOnsicG9zdF9pZCI6IjIyNjAzNiJ9fQ==@\u00a0\u00bb border_radii=\u00a0\u00bbon|5px|5px|5px|5px\u00a0\u00bb box_shadow_style=\u00a0\u00bbpreset3&Prime; global_colors_info=\u00a0\u00bb{}\u00a0\u00bb image_opacity__hover_enabled=\u00a0\u00bboff|desktop\u00a0\u00bb image_opacity__hover=\u00a0\u00bb0.5&Prime;]<\/p>\n<p><span>Maximisez votre espace gr\u00e2ce \u00e0 l&rsquo;installation de nos solutions de rangement par nos experts ! De l&rsquo;optimisation de l&rsquo;espace des placards \u00e0 la cr\u00e9ation d&rsquo;\u00e9tag\u00e8res personnalis\u00e9es.<\/span><\/p>\n<p>[\/dipl_interactive_image_card][\/et_pb_column][\/et_pb_row][et_pb_row column_structure=\u00a0\u00bb1_3,1_3,1_3&Prime; _builder_version=\u00a0\u00bb4.23.4&Prime; _module_preset=\u00a0\u00bbdefault\u00a0\u00bb global_colors_info=\u00a0\u00bb{}\u00a0\u00bb][et_pb_column type=\u00a0\u00bb1_3&Prime; _builder_version=\u00a0\u00bb4.23.4&Prime; _module_preset=\u00a0\u00bbdefault\u00a0\u00bb global_colors_info=\u00a0\u00bb{}\u00a0\u00bb][dipl_interactive_image_card title=\u00a0\u00bbPlinthes et moulures\u00a0\u00bb image=\u00a0\u00bbhttps:\/\/canopymgmt.ca\/wp-content\/uploads\/2024\/01\/crownmoulding.jpg\u00a0\u00bb image_opacity=\u00a0\u00bb1&Prime; overlay_color=\u00a0\u00bbrgba(0,0,0,0.4)\u00a0\u00bb _builder_version=\u00a0\u00bb4.24.0&Prime; _dynamic_attributes=\u00a0\u00bblink_option_url\u00a0\u00bb _module_preset=\u00a0\u00bbdefault\u00a0\u00bb title_font=\u00a0\u00bb|700|||||||\u00a0\u00bb title_text_color=\u00a0\u00bb#FFFFFF\u00a0\u00bb content_font=\u00a0\u00bb|300|||||||\u00a0\u00bb content_text_color=\u00a0\u00bb#FFFFFF\u00a0\u00bb content_font_size=\u00a0\u00bb13px\u00a0\u00bb link_option_url=\u00a0\u00bb@ET-DC@eyJkeW5hbWljIjp0cnVlLCJjb250ZW50IjoicG9zdF9saW5rX3VybF9wYWdlIiwic2V0dGluZ3MiOnsicG9zdF9pZCI6IjIyNjAzNyJ9fQ==@\u00a0\u00bb border_radii=\u00a0\u00bbon|5px|5px|5px|5px\u00a0\u00bb box_shadow_style=\u00a0\u00bbpreset3&Prime; global_colors_info=\u00a0\u00bb{}\u00a0\u00bb image_opacity__hover_enabled=\u00a0\u00bboff|desktop\u00a0\u00bb image_opacity__hover=\u00a0\u00bb0.5&Prime;]<\/p>\n<p><span>Des garnitures \u00e9l\u00e9gantes aux finitions sans faille. Rehaussez l&rsquo;esth\u00e9tique de votre maison gr\u00e2ce \u00e0 nos services professionnels de plinthes et de moulures couronn\u00e9es.<\/span><\/p>\n<p>[\/dipl_interactive_image_card][\/et_pb_column][et_pb_column type=\u00a0\u00bb1_3&Prime; _builder_version=\u00a0\u00bb4.23.4&Prime; _module_preset=\u00a0\u00bbdefault\u00a0\u00bb global_colors_info=\u00a0\u00bb{}\u00a0\u00bb][\/et_pb_column][et_pb_column type=\u00a0\u00bb1_3&Prime; _builder_version=\u00a0\u00bb4.23.4&Prime; _module_preset=\u00a0\u00bbdefault\u00a0\u00bb global_colors_info=\u00a0\u00bb{}\u00a0\u00bb][\/et_pb_column][\/et_pb_row][\/et_pb_section]<\/p>\n","protected":false},"excerpt":{"rendered":"<p>Entretien \u2013 Canopy mgmt Services d&rsquo;installation Il est difficile de trouver des services sp\u00e9cialis\u00e9s dans la r\u00e9paration et l&rsquo;entretien des biens immobiliers. Toutefois, \u00e0 Winnipeg, nous nous occupons de tous vos besoins en mati\u00e8re de r\u00e9paration et d&rsquo;entretien.<nav aria-label=\"breadcrumbs\" class=\"rank-math-breadcrumb\"><p><span class=\"last\">Home<\/span><\/p><\/nav>Notre service comprend<div class=\"et_pb_module dipl_interactive_image_card dipl_interactive_image_card_0 et_clickable\">\n\t\t\t\t\n\t\t\t\t\n\t\t\t\t\n\t\t\t\t\n\t\t\t\t\n\t\t\t\t\n\t\t\t\t<div class=\"et_pb_module_inner\">\n\t\t\t\t\t<div class=\"dipl_interactive_image_card_wrapper\">\n\t\t\t\t\t\t\t<figure class=\"effect-lily\">\n\t\t\t\t\t\t\t\t<img decoding=\"async\" src=\"\" alt=\"\" class=\"et_multi_view_hidden_image\" \/>\n\t\t\t\t\t\t\t\t<figcaption>\n\t\t\t\t\t\t\t\t\t<div class=\"dipl_interactive_image_card_wrapper_inner\">\n\t\t\t\t\t\t\t\t\t\t<h2 class=\"dipl_interactive_image_card_title\">\u00bbAssemblage<\/h2>\n\t\t\t\t\t\t\t\t\t\t\n\t\t\t\t\t\t\t\t\t<\/div>\n\t\t\t\t\t\t\t\t<\/figcaption>\t\t\t\n\t\t\t\t\t\t\t<\/figure>\n\t\t\t\t\t\t<\/div>\n\t\t\t\t<\/div>\n\t\t\t<\/div><\/p>\n","protected":false},"author":1,"featured_media":0,"parent":226342,"menu_order":13,"comment_status":"closed","ping_status":"closed","template":"","meta":{"_acf_changed":false,"_et_pb_use_builder":"on","_et_pb_old_content":"","_et_gb_content_width":"","footnotes":""},"class_list":["post-226348","page","type-page","status-publish","hentry"],"acf":[],"_links":{"self":[{"href":"https:\/\/canopymgmt.ca\/fr\/wp-json\/wp\/v2\/pages\/226348","targetHints":{"allow":["GET"]}}],"collection":[{"href":"https:\/\/canopymgmt.ca\/fr\/wp-json\/wp\/v2\/pages"}],"about":[{"href":"https:\/\/canopymgmt.ca\/fr\/wp-json\/wp\/v2\/types\/page"}],"author":[{"embeddable":true,"href":"https:\/\/canopymgmt.ca\/fr\/wp-json\/wp\/v2\/users\/1"}],"replies":[{"embeddable":true,"href":"https:\/\/canopymgmt.ca\/fr\/wp-json\/wp\/v2\/comments?post=226348"}],"version-history":[{"count":0,"href":"https:\/\/canopymgmt.ca\/fr\/wp-json\/wp\/v2\/pages\/226348\/revisions"}],"up":[{"embeddable":true,"href":"https:\/\/canopymgmt.ca\/fr\/wp-json\/wp\/v2\/pages\/226342"}],"wp:attachment":[{"href":"https:\/\/canopymgmt.ca\/fr\/wp-json\/wp\/v2\/media?parent=226348"}],"curies":[{"name":"wp","href":"https:\/\/api.w.org\/{rel}","templated":true}]}}