{"id":226342,"date":"2024-01-10T13:29:14","date_gmt":"2024-01-10T19:29:14","guid":{"rendered":"https:\/\/canopymgmt.ca\/entretien-de-la-maison\/services\/"},"modified":"2024-04-24T20:26:05","modified_gmt":"2024-04-25T01:26:05","slug":"services","status":"publish","type":"page","link":"https:\/\/canopymgmt.ca\/fr\/entretien-de-la-maison\/services\/","title":{"rendered":"Services"},"content":{"rendered":"<p>[et_pb_section fb_built=\u00a0\u00bb1&Prime; module_class=\u00a0\u00bbdh-valign-center-section\u00a0\u00bb _builder_version=\u00a0\u00bb4.23.4&Prime; _module_preset=\u00a0\u00bbdefault\u00a0\u00bb use_background_color_gradient=\u00a0\u00bbon\u00a0\u00bb background_color_gradient_stops=\u00a0\u00bbrgba(0,0,0,0.65) 0%|rgba(0,0,0,0.3) 100%\u00a0\u00bb background_color_gradient_overlays_image=\u00a0\u00bbon\u00a0\u00bb background_image=\u00a0\u00bbhttps:\/\/canopymgmt.ca\/wp-content\/uploads\/2023\/05\/HomeMaintenance-ServiceInquiry-TopImage-scaled.jpg\u00a0\u00bb custom_padding=\u00a0\u00bb250px||100px||false|false\u00a0\u00bb locked=\u00a0\u00bboff\u00a0\u00bb global_colors_info=\u00a0\u00bb{}\u00a0\u00bb][et_pb_row _builder_version=\u00a0\u00bb4.21.0&Prime; _module_preset=\u00a0\u00bbdefault\u00a0\u00bb global_colors_info=\u00a0\u00bb{}\u00a0\u00bb][et_pb_column type=\u00a0\u00bb4_4&Prime; _builder_version=\u00a0\u00bb4.20.2&Prime; _module_preset=\u00a0\u00bbdefault\u00a0\u00bb global_colors_info=\u00a0\u00bb{}\u00a0\u00bb][et_pb_text _builder_version=\u00a0\u00bb4.24.2&Prime; _module_preset=\u00a0\u00bbdefault\u00a0\u00bb header_font_size=\u00a0\u00bb50px\u00a0\u00bb background_layout=\u00a0\u00bbdark\u00a0\u00bb width=\u00a0\u00bb100%\u00a0\u00bb max_width=\u00a0\u00bb835px\u00a0\u00bb module_alignment=\u00a0\u00bbleft\u00a0\u00bb hover_enabled=\u00a0\u00bb0&Prime; global_colors_info=\u00a0\u00bb{}\u00a0\u00bb sticky_enabled=\u00a0\u00bb0&Prime;]<\/p>\n<p class=\"subheader\">Entretien \u2013 Canopy mgmt<\/p>\n<h1 style=\"margin-bottom: 20px;\">Service d&rsquo;entretien \u00e0 domicile<span style=\"color: #b08552;\"><\/span><\/h1>\n<p><span style=\"color: #b08552;\"><\/span>Il est difficile de trouver des services de r\u00e9paration et d&rsquo;entretien d\u00e9di\u00e9s aux biens immobiliers. Toutefois, \u00e0 Winnipeg, nous nous occupons de tous vos besoins en mati\u00e8re de r\u00e9paration et d&rsquo;entretien.<\/p>\n<p>[\/et_pb_text][\/et_pb_column][\/et_pb_row][\/et_pb_section][et_pb_section fb_built=\u00a0\u00bb1&Prime; _builder_version=\u00a0\u00bb4.23.4&Prime; _module_preset=\u00a0\u00bbdefault\u00a0\u00bb background_image=\u00a0\u00bbhttps:\/\/canopymgmt.ca\/wp-content\/uploads\/2023\/04\/Canopymgmt_PaperTexture_Cream.png\u00a0\u00bb custom_padding=\u00a0\u00bb0px||0px||true|false\u00a0\u00bb global_colors_info=\u00a0\u00bb{}\u00a0\u00bb][et_pb_row _builder_version=\u00a0\u00bb4.23.4&Prime; _module_preset=\u00a0\u00bbdefault\u00a0\u00bb global_colors_info=\u00a0\u00bb{}\u00a0\u00bb][et_pb_column type=\u00a0\u00bb4_4&Prime; _builder_version=\u00a0\u00bb4.23.4&Prime; _module_preset=\u00a0\u00bbdefault\u00a0\u00bb custom_padding=\u00a0\u00bb||||false|false\u00a0\u00bb global_colors_info=\u00a0\u00bb{}\u00a0\u00bb][et_pb_code _builder_version=\u00a0\u00bb4.23.4&Prime; _module_preset=\u00a0\u00bbdefault\u00a0\u00bb global_colors_info=\u00a0\u00bb{}\u00a0\u00bb]<nav aria-label=\"breadcrumbs\" class=\"rank-math-breadcrumb\"><p><span class=\"last\">Home<\/span><\/p><\/nav>[\/et_pb_code][\/et_pb_column][\/et_pb_row][et_pb_row _builder_version=\u00a0\u00bb4.24.2&Prime; _module_preset=\u00a0\u00bbdefault\u00a0\u00bb][et_pb_column _builder_version=\u00a0\u00bb4.24.2&Prime; _module_preset=\u00a0\u00bbdefault\u00a0\u00bb type=\u00a0\u00bb4_4&Prime;][et_pb_text _builder_version=\u00a0\u00bb4.24.2&Prime; _module_preset=\u00a0\u00bbdefault\u00a0\u00bb hover_enabled=\u00a0\u00bb0&Prime; sticky_enabled=\u00a0\u00bb0&Prime;]<\/p>\n<h2>Services de r\u00e9paration \u00e0 domicile<\/h2>\n<p>[\/et_pb_text][\/et_pb_column][\/et_pb_row][\/et_pb_section][et_pb_section fb_built=\u00a0\u00bb1&Prime; _builder_version=\u00a0\u00bb4.23.4&Prime; _module_preset=\u00a0\u00bbdefault\u00a0\u00bb background_image=\u00a0\u00bbhttps:\/\/canopymgmt.ca\/wp-content\/uploads\/2023\/04\/Canopymgmt_PaperTexture_Cream.png\u00a0\u00bb custom_padding=\u00a0\u00bb0px||0px||true|false\u00a0\u00bb global_colors_info=\u00a0\u00bb{}\u00a0\u00bb][et_pb_row column_structure=\u00a0\u00bb1_3,1_3,1_3&Prime; _builder_version=\u00a0\u00bb4.23.4&Prime; _module_preset=\u00a0\u00bbdefault\u00a0\u00bb global_colors_info=\u00a0\u00bb{}\u00a0\u00bb][et_pb_column type=\u00a0\u00bb1_3&Prime; _builder_version=\u00a0\u00bb4.23.4&Prime; _module_preset=\u00a0\u00bbdefault\u00a0\u00bb global_colors_info=\u00a0\u00bb{}\u00a0\u00bb][dipl_interactive_image_card title=\u00a0\u00bbServices \u00e0 l&rsquo;ext\u00e9rieur\u00a0\u00bb image=\u00a0\u00bbhttps:\/\/canopymgmt.ca\/wp-content\/uploads\/2024\/01\/deck-fence.jpg\u00a0\u00bb image_opacity=\u00a0\u00bb1&Prime; overlay_color=\u00a0\u00bbrgba(0,0,0,0.4)\u00a0\u00bb _builder_version=\u00a0\u00bb4.23.4&Prime; _dynamic_attributes=\u00a0\u00bblink_option_url\u00a0\u00bb _module_preset=\u00a0\u00bbdefault\u00a0\u00bb title_font=\u00a0\u00bb|700|||||||\u00a0\u00bb title_text_color=\u00a0\u00bb#FFFFFF\u00a0\u00bb content_font=\u00a0\u00bb|300|||||||\u00a0\u00bb content_text_color=\u00a0\u00bb#FFFFFF\u00a0\u00bb content_font_size=\u00a0\u00bb13px\u00a0\u00bb link_option_url=\u00a0\u00bb@ET-DC@eyJkeW5hbWljIjp0cnVlLCJjb250ZW50IjoicG9zdF9saW5rX3VybF9wYWdlIiwic2V0dGluZ3MiOnsicG9zdF9pZCI6IjIyNjAyNSIsImVuYWJsZV9odG1sIjoib2ZmIn19@\u00a0\u00bb border_radii=\u00a0\u00bbon|5px|5px|5px|5px\u00a0\u00bb box_shadow_style=\u00a0\u00bbpreset3&Prime; global_colors_info=\u00a0\u00bb{}\u00a0\u00bb image_opacity__hover_enabled=\u00a0\u00bboff|desktop\u00a0\u00bb image_opacity__hover=\u00a0\u00bb0.5&Prime; background__hover_enabled=\u00a0\u00bboff|desktop\u00a0\u00bb]<\/p>\n<p><span>Revitalisez votre espace ext\u00e9rieur et l&rsquo;attrait de votre trottoir en r\u00e9glant les probl\u00e8mes li\u00e9s aux intemp\u00e9ries.<\/span><\/p>\n<p>[\/dipl_interactive_image_card][\/et_pb_column][et_pb_column type=\u00a0\u00bb1_3&Prime; _builder_version=\u00a0\u00bb4.23.4&Prime; _module_preset=\u00a0\u00bbdefault\u00a0\u00bb global_colors_info=\u00a0\u00bb{}\u00a0\u00bb][dipl_interactive_image_card title=\u00a0\u00bbInstallations\u00a0\u00bb image=\u00a0\u00bbhttps:\/\/canopymgmt.ca\/wp-content\/uploads\/2024\/01\/furnitureassemble.jpg\u00a0\u00bb image_opacity=\u00a0\u00bb1&Prime; overlay_color=\u00a0\u00bbrgba(0,0,0,0.4)\u00a0\u00bb _builder_version=\u00a0\u00bb4.24.0&Prime; _dynamic_attributes=\u00a0\u00bblink_option_url\u00a0\u00bb _module_preset=\u00a0\u00bbdefault\u00a0\u00bb title_font=\u00a0\u00bb|700|||||||\u00a0\u00bb title_text_color=\u00a0\u00bb#FFFFFF\u00a0\u00bb content_font=\u00a0\u00bb|300|||||||\u00a0\u00bb content_text_color=\u00a0\u00bb#FFFFFF\u00a0\u00bb content_font_size=\u00a0\u00bb13px\u00a0\u00bb link_option_url=\u00a0\u00bb@ET-DC@eyJkeW5hbWljIjp0cnVlLCJjb250ZW50IjoicG9zdF9saW5rX3VybF9wYWdlIiwic2V0dGluZ3MiOnsicG9zdF9pZCI6IjIyNjAyNiIsImVuYWJsZV9odG1sIjoib2ZmIn19@\u00a0\u00bb border_radii=\u00a0\u00bbon|5px|5px|5px|5px\u00a0\u00bb box_shadow_style=\u00a0\u00bbpreset3&Prime; global_colors_info=\u00a0\u00bb{}\u00a0\u00bb image_opacity__hover_enabled=\u00a0\u00bboff|desktop\u00a0\u00bb image_opacity__hover=\u00a0\u00bb0.5&Prime;]<\/p>\n<p><span>Tout ce que vous avez besoin d&rsquo;installer, d&rsquo;assembler, de suspendre ou de s\u00e9curiser, nous pouvons le faire pour vous sans d\u00e9visser une seule vis.<\/span><\/p>\n<p>[\/dipl_interactive_image_card][\/et_pb_column][et_pb_column type=\u00a0\u00bb1_3&Prime; _builder_version=\u00a0\u00bb4.23.4&Prime; _module_preset=\u00a0\u00bbdefault\u00a0\u00bb global_colors_info=\u00a0\u00bb{}\u00a0\u00bb][dipl_interactive_image_card title=\u00a0\u00bbR\u00e9parations\u00a0\u00bb image=\u00a0\u00bbhttps:\/\/canopymgmt.ca\/wp-content\/uploads\/2024\/01\/wall-ceiling.jpg\u00a0\u00bb image_opacity=\u00a0\u00bb1&Prime; overlay_color=\u00a0\u00bbrgba(0,0,0,0.4)\u00a0\u00bb _builder_version=\u00a0\u00bb4.24.0&Prime; _dynamic_attributes=\u00a0\u00bblink_option_url\u00a0\u00bb _module_preset=\u00a0\u00bbdefault\u00a0\u00bb title_font=\u00a0\u00bb|700|||||||\u00a0\u00bb title_text_color=\u00a0\u00bb#FFFFFF\u00a0\u00bb content_font=\u00a0\u00bb|300|||||||\u00a0\u00bb content_text_color=\u00a0\u00bb#FFFFFF\u00a0\u00bb content_font_size=\u00a0\u00bb13px\u00a0\u00bb link_option_url=\u00a0\u00bb@ET-DC@eyJkeW5hbWljIjp0cnVlLCJjb250ZW50IjoicG9zdF9saW5rX3VybF9wYWdlIiwic2V0dGluZ3MiOnsicG9zdF9pZCI6IjIyNjAyNyIsImVuYWJsZV9odG1sIjoib2ZmIn19@\u00a0\u00bb border_radii=\u00a0\u00bbon|5px|5px|5px|5px\u00a0\u00bb box_shadow_style=\u00a0\u00bbpreset3&Prime; global_colors_info=\u00a0\u00bb{}\u00a0\u00bb image_opacity__hover_enabled=\u00a0\u00bboff|desktop\u00a0\u00bb image_opacity__hover=\u00a0\u00bb0.5&Prime;]<\/p>\n<p><span>Il y a une multitude de choses qui peuvent mal tourner dans une maison. Heureusement, nous savons comment y rem\u00e9dier.<\/span><\/p>\n<p>[\/dipl_interactive_image_card][\/et_pb_column][\/et_pb_row][\/et_pb_section]<\/p>\n","protected":false},"excerpt":{"rendered":"<p>Entretien \u2013 Canopy mgmt Service d&rsquo;entretien \u00e0 domicile Il est difficile de trouver des services de r\u00e9paration et d&rsquo;entretien d\u00e9di\u00e9s aux biens immobiliers. Toutefois, \u00e0 Winnipeg, nous nous occupons de tous vos besoins en mati\u00e8re de r\u00e9paration et d&rsquo;entretien.<nav aria-label=\"breadcrumbs\" class=\"rank-math-breadcrumb\"><p><span class=\"last\">Home<\/span><\/p><\/nav>Services de r\u00e9paration \u00e0 domicile<div class=\"et_pb_module dipl_interactive_image_card dipl_interactive_image_card_0\">\n\t\t\t\t\n\t\t\t\t\n\t\t\t\t\n\t\t\t\t\n\t\t\t\t\n\t\t\t\t\n\t\t\t\t<div class=\"et_pb_module_inner\">\n\t\t\t\t\t<div class=\"dipl_interactive_image_card_wrapper\">\n\t\t\t\t\t\t\t<figure class=\"effect-lily\">\n\t\t\t\t\t\t\t\t<img decoding=\"async\" src=\"\" alt=\"\" class=\"et_multi_view_hidden_image\" \/>\n\t\t\t\t\t\t\t\t<figcaption>\n\t\t\t\t\t\t\t\t\t<div class=\"dipl_interactive_image_card_wrapper_inner\">\n\t\t\t\t\t\t\t\t\t\t<h2 class=\"dipl_interactive_image_card_title\">\u00bbServices<\/h2>\n\t\t\t\t\t\t\t\t\t\t\n\t\t\t\t\t\t\t\t\t<\/div>\n\t\t\t\t\t\t\t\t<\/figcaption>\t\t\t\n\t\t\t\t\t\t\t<\/figure>\n\t\t\t\t\t\t<\/div>\n\t\t\t\t<\/div>\n\t\t\t<\/div><\/p>\n","protected":false},"author":1,"featured_media":0,"parent":226303,"menu_order":11,"comment_status":"closed","ping_status":"closed","template":"","meta":{"_acf_changed":false,"_et_pb_use_builder":"on","_et_pb_old_content":"","_et_gb_content_width":"","footnotes":""},"class_list":["post-226342","page","type-page","status-publish","hentry"],"acf":[],"_links":{"self":[{"href":"https:\/\/canopymgmt.ca\/fr\/wp-json\/wp\/v2\/pages\/226342","targetHints":{"allow":["GET"]}}],"collection":[{"href":"https:\/\/canopymgmt.ca\/fr\/wp-json\/wp\/v2\/pages"}],"about":[{"href":"https:\/\/canopymgmt.ca\/fr\/wp-json\/wp\/v2\/types\/page"}],"author":[{"embeddable":true,"href":"https:\/\/canopymgmt.ca\/fr\/wp-json\/wp\/v2\/users\/1"}],"replies":[{"embeddable":true,"href":"https:\/\/canopymgmt.ca\/fr\/wp-json\/wp\/v2\/comments?post=226342"}],"version-history":[{"count":0,"href":"https:\/\/canopymgmt.ca\/fr\/wp-json\/wp\/v2\/pages\/226342\/revisions"}],"up":[{"embeddable":true,"href":"https:\/\/canopymgmt.ca\/fr\/wp-json\/wp\/v2\/pages\/226303"}],"wp:attachment":[{"href":"https:\/\/canopymgmt.ca\/fr\/wp-json\/wp\/v2\/media?parent=226342"}],"curies":[{"name":"wp","href":"https:\/\/api.w.org\/{rel}","templated":true}]}}