{"id":226315,"date":"2023-03-16T12:51:49","date_gmt":"2023-03-16T17:51:49","guid":{"rendered":"https:\/\/canopymgmt.ca\/lequipe\/"},"modified":"2025-06-17T09:17:59","modified_gmt":"2025-06-17T14:17:59","slug":"lequipe","status":"publish","type":"page","link":"https:\/\/canopymgmt.ca\/fr\/lequipe\/","title":{"rendered":"L&rsquo;\u00e9quipe"},"content":{"rendered":"<p>[et_pb_section fb_built=\u00a0\u00bb1&Prime; module_class=\u00a0\u00bbdh-valign-center-section\u00a0\u00bb _builder_version=\u00a0\u00bb4.20.4&Prime; _module_preset=\u00a0\u00bbdefault\u00a0\u00bb use_background_color_gradient=\u00a0\u00bbon\u00a0\u00bb background_color_gradient_stops=\u00a0\u00bbrgba(0,0,0,0.5) 0%|rgba(0,0,0,0.5) 100%\u00a0\u00bb background_color_gradient_overlays_image=\u00a0\u00bbon\u00a0\u00bb background_image=\u00a0\u00bbhttps:\/\/canopymgmt.ca\/wp-content\/uploads\/2023\/04\/DD_Canopymgmt_GroupShot.jpg\u00a0\u00bb height=\u00a0\u00bb97vh\u00a0\u00bb global_colors_info=\u00a0\u00bb{}\u00a0\u00bb][et_pb_row _builder_version=\u00a0\u00bb4.20.2&Prime; _module_preset=\u00a0\u00bbdefault\u00a0\u00bb global_colors_info=\u00a0\u00bb{}\u00a0\u00bb][et_pb_column type=\u00a0\u00bb4_4&Prime; _builder_version=\u00a0\u00bb4.20.2&Prime; _module_preset=\u00a0\u00bbdefault\u00a0\u00bb global_colors_info=\u00a0\u00bb{}\u00a0\u00bb][et_pb_text _builder_version=\u00a0\u00bb4.24.2&Prime; _module_preset=\u00a0\u00bbdefault\u00a0\u00bb header_font_size=\u00a0\u00bb50px\u00a0\u00bb background_layout=\u00a0\u00bbdark\u00a0\u00bb width=\u00a0\u00bb100%\u00a0\u00bb max_width=\u00a0\u00bb835px\u00a0\u00bb module_alignment=\u00a0\u00bbleft\u00a0\u00bb global_colors_info=\u00a0\u00bb{}\u00a0\u00bb]<\/p>\n<p class=\"subheader\">Les personnes qui travaillent pour vous<\/p>\n<h1 style=\"margin-bottom: 20px;\">D\u00e9couvrez <span style=\"color: #b08552;\">l&rsquo;\u00e9quipe<\/span><\/h1>\n<p>Ce sont des personnes d\u00e9vou\u00e9es qui travaillent pour vous. Transformer la fa\u00e7on dont les propri\u00e9t\u00e9s sont g\u00e9r\u00e9es pour le mieux. Nous nous effor\u00e7ons d&rsquo;\u00eatre la meilleure agence de gestion immobili\u00e8re de Winnipeg pour vous.<\/p>\n<p>[\/et_pb_text][\/et_pb_column][\/et_pb_row][\/et_pb_section][et_pb_section fb_built=\u00a0\u00bb1&Prime; _builder_version=\u00a0\u00bb4.27.0&Prime; _module_preset=\u00a0\u00bbdefault\u00a0\u00bb background_image=\u00a0\u00bbhttps:\/\/canopymgmt.ca\/wp-content\/uploads\/2023\/04\/L_Canopymgmt_ShoeImprints-cream.jpg\u00a0\u00bb background_repeat=\u00a0\u00bbrepeat-y\u00a0\u00bb global_colors_info=\u00a0\u00bb{}\u00a0\u00bb][et_pb_row column_structure=\u00a0\u00bb1_2,1_4,1_4&Prime; _builder_version=\u00a0\u00bb4.20.4&Prime; _module_preset=\u00a0\u00bbdefault\u00a0\u00bb custom_margin=\u00a0\u00bb||50px||false|false\u00a0\u00bb border_width_bottom=\u00a0\u00bb3px\u00a0\u00bb global_colors_info=\u00a0\u00bb{}\u00a0\u00bb][et_pb_column type=\u00a0\u00bb1_2&Prime; _builder_version=\u00a0\u00bb4.20.4&Prime; _module_preset=\u00a0\u00bbdefault\u00a0\u00bb global_colors_info=\u00a0\u00bb{}\u00a0\u00bb][et_pb_text _builder_version=\u00a0\u00bb4.20.4&Prime; _module_preset=\u00a0\u00bbdefault\u00a0\u00bb header_2_text_color=\u00a0\u00bb#49443A\u00a0\u00bb header_2_font_size=\u00a0\u00bb42px\u00a0\u00bb global_colors_info=\u00a0\u00bb{}\u00a0\u00bb]<\/p>\n<h2>D\u00e9couvrez <span style=\"color: #b08552;\">l&rsquo;\u00e9quipe<\/span><\/h2>\n<p>[\/et_pb_text][\/et_pb_column][et_pb_column type=\u00a0\u00bb1_4&Prime; _builder_version=\u00a0\u00bb4.20.4&Prime; _module_preset=\u00a0\u00bbdefault\u00a0\u00bb global_colors_info=\u00a0\u00bb{}\u00a0\u00bb][et_pb_blurb title=\u00a0\u00bb\u00c9quipe de Gestion Immobili\u00e8re \u00e0 Winnipeg\u00a0\u00bb image=\u00a0\u00bbhttps:\/\/canopymgmt.ca\/wp-content\/uploads\/2023\/04\/cedar-icon-rounded-1.png\u00a0\u00bb icon_placement=\u00a0\u00bbleft\u00a0\u00bb _builder_version=\u00a0\u00bb4.24.2&Prime; _module_preset=\u00a0\u00bbdefault\u00a0\u00bb custom_css_blurb_image=\u00a0\u00bbmargin-bottom:15px;||\u00a0\u00bb custom_css_blurb_content=\u00a0\u00bbdisplay:flex;||flex-direction:row;||align-items:center;||\u00a0\u00bb global_colors_info=\u00a0\u00bb{}\u00a0\u00bb][\/et_pb_blurb][\/et_pb_column][et_pb_column type=\u00a0\u00bb1_4&Prime; _builder_version=\u00a0\u00bb4.20.4&Prime; _module_preset=\u00a0\u00bbdefault\u00a0\u00bb global_colors_info=\u00a0\u00bb{}\u00a0\u00bb][et_pb_blurb title=\u00a0\u00bb\u00c9quipe de Maintenance\u00a0\u00bb image=\u00a0\u00bbhttps:\/\/canopymgmt.ca\/wp-content\/uploads\/2023\/04\/oak-icon-rounded-1.png\u00a0\u00bb icon_placement=\u00a0\u00bbleft\u00a0\u00bb _builder_version=\u00a0\u00bb4.20.4&Prime; _module_preset=\u00a0\u00bbdefault\u00a0\u00bb custom_css_blurb_image=\u00a0\u00bbmargin-bottom:15px;||\u00a0\u00bb custom_css_blurb_content=\u00a0\u00bbdisplay:flex;||flex-direction:row;||align-items:center;||\u00a0\u00bb global_colors_info=\u00a0\u00bb{}\u00a0\u00bb][\/et_pb_blurb][\/et_pb_column][\/et_pb_row][et_pb_row _builder_version=\u00a0\u00bb4.27.4&Prime; _module_preset=\u00a0\u00bbdefault\u00a0\u00bb custom_padding=\u00a0\u00bb0px|||||\u00a0\u00bb global_colors_info=\u00a0\u00bb{}\u00a0\u00bb][et_pb_column type=\u00a0\u00bb4_4&Prime; _builder_version=\u00a0\u00bb4.27.4&Prime; _module_preset=\u00a0\u00bbdefault\u00a0\u00bb global_colors_info=\u00a0\u00bb{}\u00a0\u00bb][et_pb_de_mach_filter_posts filter_update_type=\u00a0\u00bbupdate_field\u00a0\u00bb filter_location=\u00a0\u00bbfullwidth\u00a0\u00bb hide_reset=\u00a0\u00bbon\u00a0\u00bb filter_item_bg_color=\u00a0\u00bbRGBA(255,255,255,0)\u00a0\u00bb _builder_version=\u00a0\u00bb4.27.4&Prime; _module_preset=\u00a0\u00bbdefault\u00a0\u00bb custom_filter_params=\u00a0\u00bbon\u00a0\u00bb global_colors_info=\u00a0\u00bb{}\u00a0\u00bb][et_pb_de_mach_search_posts_item title=\u00a0\u00bbD\u00e9partement\u00a0\u00bb filter_post_type=\u00a0\u00bbtaxonomy\u00a0\u00bb custom_tax_choose=\u00a0\u00bbteam-category\u00a0\u00bb post_type_choose=\u00a0\u00bbteam-member\u00a0\u00bb acf_filter_type=\u00a0\u00bbradio\u00a0\u00bb show_label=\u00a0\u00bboff\u00a0\u00bb field_id=\u00a0\u00bbField_1&Prime; radio_select=\u00a0\u00bbcheckbox\u00a0\u00bb radio_style=\u00a0\u00bbtick_box\u00a0\u00bb radio_inline=\u00a0\u00bbon\u00a0\u00bb radio_button_background_color=\u00a0\u00bb#B08552&Prime; radio_button_background_color_selected=\u00a0\u00bb#49443A\u00a0\u00bb _builder_version=\u00a0\u00bb4.27.4&Prime; _module_preset=\u00a0\u00bbdefault\u00a0\u00bb global_colors_info=\u00a0\u00bb{}\u00a0\u00bb][\/et_pb_de_mach_search_posts_item][\/et_pb_de_mach_filter_posts][et_pb_de_mach_archive_loop post_type_choose=\u00a0\u00bbteam-member\u00a0\u00bb loop_layout=\u00a0\u00bb335554&Prime; filter_update_animation=\u00a0\u00bbload-2&Prime; animation_color=\u00a0\u00bb#87949C\u00a0\u00bb posts_number=\u00a0\u00bb-1&Prime; equal_height=\u00a0\u00bbon\u00a0\u00bb _builder_version=\u00a0\u00bb4.27.4&Prime; _module_preset=\u00a0\u00bbdefault\u00a0\u00bb hover_enabled=\u00a0\u00bb0&Prime; global_colors_info=\u00a0\u00bb{}\u00a0\u00bb sort_order=\u00a0\u00bbacf_field\u00a0\u00bb acf_sort_field=\u00a0\u00bbfield_67f58bc584aac\u00a0\u00bb acf_sort_type=\u00a0\u00bbnumeric\u00a0\u00bb sec_sort_order=\u00a0\u00bbacf_field\u00a0\u00bb sec_acf_sort_field=\u00a0\u00bbfield_67f59072b6fea\u00a0\u00bb sticky_enabled=\u00a0\u00bb0&Prime;][\/et_pb_de_mach_archive_loop][\/et_pb_column][\/et_pb_row][\/et_pb_section]<\/p>\n","protected":false},"excerpt":{"rendered":"<p>Les personnes qui travaillent pour vous D\u00e9couvrez l&rsquo;\u00e9quipe Ce sont des personnes d\u00e9vou\u00e9es qui travaillent pour vous. Transformer la fa\u00e7on dont les propri\u00e9t\u00e9s sont g\u00e9r\u00e9es pour le mieux. Nous nous effor\u00e7ons d&rsquo;\u00eatre la meilleure agence de gestion immobili\u00e8re de Winnipeg pour vous.D\u00e9couvrez l&rsquo;\u00e9quipe<\/p>\n","protected":false},"author":1,"featured_media":0,"parent":0,"menu_order":1,"comment_status":"closed","ping_status":"closed","template":"","meta":{"_acf_changed":false,"_et_pb_use_builder":"on","_et_pb_old_content":"","_et_gb_content_width":"","footnotes":""},"class_list":["post-226315","page","type-page","status-publish","hentry"],"acf":[],"_links":{"self":[{"href":"https:\/\/canopymgmt.ca\/fr\/wp-json\/wp\/v2\/pages\/226315","targetHints":{"allow":["GET"]}}],"collection":[{"href":"https:\/\/canopymgmt.ca\/fr\/wp-json\/wp\/v2\/pages"}],"about":[{"href":"https:\/\/canopymgmt.ca\/fr\/wp-json\/wp\/v2\/types\/page"}],"author":[{"embeddable":true,"href":"https:\/\/canopymgmt.ca\/fr\/wp-json\/wp\/v2\/users\/1"}],"replies":[{"embeddable":true,"href":"https:\/\/canopymgmt.ca\/fr\/wp-json\/wp\/v2\/comments?post=226315"}],"version-history":[{"count":0,"href":"https:\/\/canopymgmt.ca\/fr\/wp-json\/wp\/v2\/pages\/226315\/revisions"}],"wp:attachment":[{"href":"https:\/\/canopymgmt.ca\/fr\/wp-json\/wp\/v2\/media?parent=226315"}],"curies":[{"name":"wp","href":"https:\/\/api.w.org\/{rel}","templated":true}]}}